{"id":62,"date":"2020-08-05T10:56:43","date_gmt":"2020-08-05T10:56:43","guid":{"rendered":"http:\/\/physio-lanzarote.com\/?page_id=62"},"modified":"2026-02-02T14:22:54","modified_gmt":"2026-02-02T14:22:54","slug":"home","status":"publish","type":"page","link":"https:\/\/physio-lanzarote.com\/es\/","title":{"rendered":"\u00a1Bienvenidos!"},"content":{"rendered":"\n<!-- \n<p><div class=\u201cabwesenheit\u201c><span style=\"background-color:#FFFF00;\">Estimados clientes, por razones personales no puedo atender mensajes o dar servicios desde el Octubre, 2025. Disculpen las molestias. Gracias<\/span><\/div><\/p>\n-->\n\n\n\n<h2 class=\"wp-block-heading\">\u00a1Bienvenidos!<\/h2>\n\n\n\n<p class=\"has-very-dark-gray-color has-text-color\"><strong>Tengo m\u00e1s de 30 a\u00f1os de experiencia como fisioterapeuta aut\u00f3noma en mi propia consulta y desde el a\u00f1o 2013 estoy trabajando en Lanzarote para atenderle de forma personalizada.<\/strong><br>Puede llamarme en momentos cr\u00edticos, cuando necesite ayuda de inmediato. Ofrezco visita a domicilio y tambi\u00e9n trabajo en mi consultorio en Playa Blanca.<\/p>\n\n\n\n<p class=\"has-very-dark-gray-color has-text-color\">Inf\u00f3rmese <a href=\"\/es\/behandlungen\" target=\"_blank\" rel=\"noreferrer noopener\"><span style=\"text-decoration: underline;\"><span class=\"has-inline-color has-vivid-cyan-blue-color\">aqu\u00ed<\/span><\/span><\/a>, en mi p\u00e1gina web, de las ofertas, del servicio y de mi filosof\u00eda. Espero que encuentre una forma adecuada de terapia en mis planes de tratamiento.<br><br>A trav\u00e9s del <a href=\"\/es\/kontakt\"><span style=\"text-decoration: underline;\"><span class=\"has-inline-color has-vivid-cyan-blue-color\">formulario de contacto<\/span><\/span><\/a> puede enviar las dudas y preguntas y pedir su cita. Respondo lo antes posible, generalmente el mismo d\u00eda.<br><br>Hasta pronto!<br><br>Kathrin Gemm<\/p>\n\n\n\n<h3 class=\"wp-block-heading\">Galeria<\/h3>\n\n\n\n<figure class=\"wp-block-gallery has-nested-images columns-default is-cropped wp-block-gallery-1 is-layout-flex wp-block-gallery-is-layout-flex\">\n<figure class=\"wp-block-image size-large\"><img loading=\"lazy\" decoding=\"async\" width=\"900\" height=\"600\" data-id=\"77\" src=\"https:\/\/physio-lanzarote.com\/wp-content\/uploads\/2020\/08\/kat_hot_stone_s.jpg\" alt=\"\" class=\"wp-image-77\" srcset=\"https:\/\/physio-lanzarote.com\/wp-content\/uploads\/2020\/08\/kat_hot_stone_s.jpg 900w, https:\/\/physio-lanzarote.com\/wp-content\/uploads\/2020\/08\/kat_hot_stone_s-300x200.jpg 300w, https:\/\/physio-lanzarote.com\/wp-content\/uploads\/2020\/08\/kat_hot_stone_s-768x512.jpg 768w, https:\/\/physio-lanzarote.com\/wp-content\/uploads\/2020\/08\/kat_hot_stone_s-705x470.jpg 705w\" sizes=\"auto, (max-width: 900px) 100vw, 900px\" \/><\/figure>\n\n\n\n<figure class=\"wp-block-image size-large\"><img loading=\"lazy\" decoding=\"async\" width=\"900\" height=\"600\" data-id=\"81\" src=\"https:\/\/physio-lanzarote.com\/wp-content\/uploads\/2020\/08\/KMT_Tinajo_s.jpg\" alt=\"\" class=\"wp-image-81\" srcset=\"https:\/\/physio-lanzarote.com\/wp-content\/uploads\/2020\/08\/KMT_Tinajo_s.jpg 900w, https:\/\/physio-lanzarote.com\/wp-content\/uploads\/2020\/08\/KMT_Tinajo_s-300x200.jpg 300w, https:\/\/physio-lanzarote.com\/wp-content\/uploads\/2020\/08\/KMT_Tinajo_s-768x512.jpg 768w, https:\/\/physio-lanzarote.com\/wp-content\/uploads\/2020\/08\/KMT_Tinajo_s-705x470.jpg 705w\" sizes=\"auto, (max-width: 900px) 100vw, 900px\" \/><\/figure>\n\n\n\n<figure class=\"wp-block-image size-large\"><img loading=\"lazy\" decoding=\"async\" width=\"900\" height=\"600\" data-id=\"78\" src=\"https:\/\/physio-lanzarote.com\/wp-content\/uploads\/2020\/08\/kat_playa_praxis_012_s.jpg\" alt=\"\" class=\"wp-image-78\" srcset=\"https:\/\/physio-lanzarote.com\/wp-content\/uploads\/2020\/08\/kat_playa_praxis_012_s.jpg 900w, https:\/\/physio-lanzarote.com\/wp-content\/uploads\/2020\/08\/kat_playa_praxis_012_s-300x200.jpg 300w, https:\/\/physio-lanzarote.com\/wp-content\/uploads\/2020\/08\/kat_playa_praxis_012_s-768x512.jpg 768w, https:\/\/physio-lanzarote.com\/wp-content\/uploads\/2020\/08\/kat_playa_praxis_012_s-705x470.jpg 705w\" sizes=\"auto, (max-width: 900px) 100vw, 900px\" \/><\/figure>\n<\/figure>\n","protected":false},"excerpt":{"rendered":"<p>Als selbst\u00e4ndige Physiotherapeutin mit \u00fcber 30 Jahren Erfahrung in der eigenen Praxis bin ich f\u00fcr Sie auf der gesamten Insel Lanzarote unterwegs, um Sie individuell zu behandeln.<\/p>\n","protected":false},"author":2,"featured_media":0,"parent":0,"menu_order":0,"comment_status":"closed","ping_status":"closed","template":"","meta":{"footnotes":""},"class_list":["post-62","page","type-page","status-publish","hentry"],"translation":{"provider":"WPGlobus","version":"3.0.2","language":"es","enabled_languages":["de","en","es"],"languages":{"de":{"title":true,"content":true,"excerpt":true},"en":{"title":true,"content":true,"excerpt":false},"es":{"title":true,"content":true,"excerpt":false}}},"aioseo_notices":[],"_links":{"self":[{"href":"https:\/\/physio-lanzarote.com\/es\/wp-json\/wp\/v2\/pages\/62","targetHints":{"allow":["GET"]}}],"collection":[{"href":"https:\/\/physio-lanzarote.com\/es\/wp-json\/wp\/v2\/pages"}],"about":[{"href":"https:\/\/physio-lanzarote.com\/es\/wp-json\/wp\/v2\/types\/page"}],"author":[{"embeddable":true,"href":"https:\/\/physio-lanzarote.com\/es\/wp-json\/wp\/v2\/users\/2"}],"replies":[{"embeddable":true,"href":"https:\/\/physio-lanzarote.com\/es\/wp-json\/wp\/v2\/comments?post=62"}],"version-history":[{"count":140,"href":"https:\/\/physio-lanzarote.com\/es\/wp-json\/wp\/v2\/pages\/62\/revisions"}],"predecessor-version":[{"id":787,"href":"https:\/\/physio-lanzarote.com\/es\/wp-json\/wp\/v2\/pages\/62\/revisions\/787"}],"wp:attachment":[{"href":"https:\/\/physio-lanzarote.com\/es\/wp-json\/wp\/v2\/media?parent=62"}],"curies":[{"name":"wp","href":"https:\/\/api.w.org\/{rel}","templated":true}]}}