{"id":50,"date":"2020-08-05T10:38:15","date_gmt":"2020-08-05T10:38:15","guid":{"rendered":"http:\/\/physio-lanzarote.com\/?page_id=50"},"modified":"2020-08-21T09:55:30","modified_gmt":"2020-08-21T09:55:30","slug":"abos-und-mehr","status":"publish","type":"page","link":"http:\/\/physio-lanzarote.com\/es\/abos-und-mehr\/","title":{"rendered":"Suscripci\u00f3n a la terapia"},"content":{"rendered":"\n<h2 class=\"wp-block-heading\">Suscripci\u00f3n a la terapia<\/h2>\n\n\n\n<h2 class=\"wp-block-heading\"><strong>\u00bfVive en Lanzarote y le gustar\u00eda reservar un tratamiento regular?<\/strong><\/h2>\n\n\n\n<p class=\"has-very-dark-gray-color has-text-color\">Ya sea en la escuela de movimiento, en los ejercicios guiados para una espalda m\u00e1s fuerte en la vida diaria, en los masajes o en la fisioterapia, si est\u00e1 atento a su cuerpo a largo plazo, sentir\u00e1 el \u00e9xito a largo plazo.<\/p>\n\n\n\n<h2 class=\"wp-block-heading\"><strong>Vales de regalo<\/strong><\/h2>\n\n\n\n<p class=\"has-very-dark-gray-color has-text-color\"><br>\u00bfO conoces a alguien que vive en Lanzarote y te gustar\u00eda hacerle feliz?<br>Cont\u00e1cteme y averig\u00fce m\u00e1s sobre nuestras ofertas de suscripci\u00f3n, con las que puede ahorrar dinero y al mismo tiempo asegurarse una cita fija a la hora que desee.<\/p>\n\n\n\n<p class=\"has-very-dark-gray-color has-text-color\">Tambi\u00e9n se pueden reservar vales en forma de cinco o diez boletos contra pago anticipado y son un regalo ideal para un cumplea\u00f1os, Navidad o algo as\u00ed.<\/p>\n\n\n\n<h2 class=\"wp-block-heading\"><strong>Comentarios<\/strong><\/h2>\n\n\n\n<p class=\"has-very-dark-gray-color has-text-color\">Tu opini\u00f3n es muy importante para m\u00ed. Por favor, h\u00e1game saber c\u00f3mo est\u00e1 despu\u00e9s de su \u00faltimo tratamiento o unos d\u00edas despu\u00e9s de su regreso a casa. Tambi\u00e9n puede recomendarme a amigos y conocidos.<\/p>\n","protected":false},"excerpt":{"rendered":"<p>F\u00fcr alle Therapieformen, Massagen, Krankengymnastik etc. biete ich Ihnen auch Abo-Modelle und Geschenkgutscheine:<\/p>\n","protected":false},"author":2,"featured_media":0,"parent":0,"menu_order":0,"comment_status":"closed","ping_status":"closed","template":"","meta":{"footnotes":""},"class_list":["post-50","page","type-page","status-publish","hentry"],"translation":{"provider":"WPGlobus","version":"3.0.2","language":"es","enabled_languages":["de","en","es"],"languages":{"de":{"title":true,"content":true,"excerpt":true},"en":{"title":true,"content":true,"excerpt":false},"es":{"title":true,"content":true,"excerpt":false}}},"aioseo_notices":[],"_links":{"self":[{"href":"http:\/\/physio-lanzarote.com\/es\/wp-json\/wp\/v2\/pages\/50","targetHints":{"allow":["GET"]}}],"collection":[{"href":"http:\/\/physio-lanzarote.com\/es\/wp-json\/wp\/v2\/pages"}],"about":[{"href":"http:\/\/physio-lanzarote.com\/es\/wp-json\/wp\/v2\/types\/page"}],"author":[{"embeddable":true,"href":"http:\/\/physio-lanzarote.com\/es\/wp-json\/wp\/v2\/users\/2"}],"replies":[{"embeddable":true,"href":"http:\/\/physio-lanzarote.com\/es\/wp-json\/wp\/v2\/comments?post=50"}],"version-history":[{"count":21,"href":"http:\/\/physio-lanzarote.com\/es\/wp-json\/wp\/v2\/pages\/50\/revisions"}],"predecessor-version":[{"id":493,"href":"http:\/\/physio-lanzarote.com\/es\/wp-json\/wp\/v2\/pages\/50\/revisions\/493"}],"wp:attachment":[{"href":"http:\/\/physio-lanzarote.com\/es\/wp-json\/wp\/v2\/media?parent=50"}],"curies":[{"name":"wp","href":"https:\/\/api.w.org\/{rel}","templated":true}]}}