{"id":44,"date":"2020-08-05T10:22:43","date_gmt":"2020-08-05T10:22:43","guid":{"rendered":"http:\/\/physio-lanzarote.com\/?page_id=44"},"modified":"2020-08-21T09:58:11","modified_gmt":"2020-08-21T09:58:11","slug":"mobile-praxis","status":"publish","type":"page","link":"http:\/\/physio-lanzarote.com\/es\/mobile-praxis\/","title":{"rendered":"Praxis vs. Mobilit\u00e4t"},"content":{"rendered":"\n<h2 class=\"wp-block-heading\">Visita a domicilio o en la consulta<\/h2>\n\n\n\n<p><strong>Despu\u00e9s de a\u00f1os en mi consulta, tambi\u00e9n quiero ofrecer un servicio a domicilio en toda la isla. Por motivos de comodidad me desplazo a su \u201cambiente privado\u201d con mi camilla, bien sea a su hotel o a su casa.<\/strong><\/p>\n\n\n\n<p>Normalmente intento prestar mi servicio en el momento que elija, no obstante y para asegurarse, recomiendo reservar con 24 horas de antelaci\u00f3n. Como tengo horario flexible a veces puedo acudir inmediatamente.<br>La forma de contacto es por correo electr\u00f3nico con el&nbsp;<a href=\"http:\/\/physio-lanzarote.com\/contacto\">FORMULARIO de CONTACTO.<\/a>&nbsp;Me pongo en contacto con usted de inmediato para confirmar la disponibilidad.<br>Le responderemos a la mayor brevedad posible.<\/p>\n\n\n\n<p>Seguro que encontramos un tratamiento terap\u00e9utico y estoy abierta a escuchar sus necesidades y buscar una soluci\u00f3n a sus dolencias, limitaciones y\/o adaptaciones necesarias en su hogar.<\/p>\n\n\n\n<p>Durante la primera sesi\u00f3n voy a determinar sus molestias y dificultades con el aspecto de la impresi\u00f3n general en relaci\u00f3n a su cuerpo. A menudo, una contractura constante o la causa de un dolor est\u00e1n producidas en otro lugar del cuerpo distinto al que padece los s\u00edntomas.<\/p>\n\n\n\n<p>As\u00ed pues, una conducta\/postura defectuosa del pie o de la cadera doblada podr\u00eda ser el motivo desencadenante en un lugar del cuerpo muy diferente al que le causa molestias.<\/p>\n\n\n\n<p>En lugar de tratar solamente los s\u00edntomas, prefiero buscar los ra\u00edces del dolor . Seguro que usted notar\u00e1 la diferencia !<\/p>\n\n\n\n<figure class=\"wp-block-gallery columns-3 is-cropped wp-block-gallery-1 is-layout-flex wp-block-gallery-is-layout-flex\"><ul class=\"blocks-gallery-grid\"><li class=\"blocks-gallery-item\"><figure><img loading=\"lazy\" decoding=\"async\" width=\"1030\" height=\"687\" src=\"http:\/\/physio-lanzarote.com\/wp-content\/uploads\/2020\/08\/DSC_0700-1030x687.jpg\" alt=\"\" data-id=\"150\" data-full-url=\"http:\/\/physio-lanzarote.com\/wp-content\/uploads\/2020\/08\/DSC_0700-scaled.jpg\" data-link=\"http:\/\/physio-lanzarote.com\/mobile-praxis\/dsc_0700\/\" class=\"wp-image-150\" srcset=\"http:\/\/physio-lanzarote.com\/wp-content\/uploads\/2020\/08\/DSC_0700-1030x687.jpg 1030w, http:\/\/physio-lanzarote.com\/wp-content\/uploads\/2020\/08\/DSC_0700-300x200.jpg 300w, http:\/\/physio-lanzarote.com\/wp-content\/uploads\/2020\/08\/DSC_0700-768x512.jpg 768w, http:\/\/physio-lanzarote.com\/wp-content\/uploads\/2020\/08\/DSC_0700-1536x1024.jpg 1536w\" sizes=\"auto, (max-width: 1030px) 100vw, 1030px\" \/><\/figure><\/li><li class=\"blocks-gallery-item\"><figure><img loading=\"lazy\" decoding=\"async\" width=\"1030\" height=\"687\" src=\"http:\/\/physio-lanzarote.com\/wp-content\/uploads\/2020\/08\/DSC_0710-1-1030x687.jpg\" alt=\"\" data-id=\"149\" data-full-url=\"http:\/\/physio-lanzarote.com\/wp-content\/uploads\/2020\/08\/DSC_0710-1-scaled.jpg\" data-link=\"http:\/\/physio-lanzarote.com\/mobile-praxis\/dsc_0710-1\/\" class=\"wp-image-149\" srcset=\"http:\/\/physio-lanzarote.com\/wp-content\/uploads\/2020\/08\/DSC_0710-1-1030x687.jpg 1030w, http:\/\/physio-lanzarote.com\/wp-content\/uploads\/2020\/08\/DSC_0710-1-300x200.jpg 300w, http:\/\/physio-lanzarote.com\/wp-content\/uploads\/2020\/08\/DSC_0710-1-768x512.jpg 768w, http:\/\/physio-lanzarote.com\/wp-content\/uploads\/2020\/08\/DSC_0710-1-1536x1024.jpg 1536w\" sizes=\"auto, (max-width: 1030px) 100vw, 1030px\" \/><\/figure><\/li><li class=\"blocks-gallery-item\"><figure><img loading=\"lazy\" decoding=\"async\" width=\"1030\" height=\"687\" src=\"http:\/\/physio-lanzarote.com\/wp-content\/uploads\/2020\/08\/DSC_0710-1030x687.jpg\" alt=\"\" data-id=\"148\" data-full-url=\"http:\/\/physio-lanzarote.com\/wp-content\/uploads\/2020\/08\/DSC_0710-scaled.jpg\" data-link=\"http:\/\/physio-lanzarote.com\/mobile-praxis\/dsc_0710\/\" class=\"wp-image-148\" srcset=\"http:\/\/physio-lanzarote.com\/wp-content\/uploads\/2020\/08\/DSC_0710-1030x687.jpg 1030w, http:\/\/physio-lanzarote.com\/wp-content\/uploads\/2020\/08\/DSC_0710-300x200.jpg 300w, http:\/\/physio-lanzarote.com\/wp-content\/uploads\/2020\/08\/DSC_0710-768x512.jpg 768w, http:\/\/physio-lanzarote.com\/wp-content\/uploads\/2020\/08\/DSC_0710-1536x1024.jpg 1536w\" sizes=\"auto, (max-width: 1030px) 100vw, 1030px\" \/><\/figure><\/li><li class=\"blocks-gallery-item\"><figure><img loading=\"lazy\" decoding=\"async\" width=\"1030\" height=\"687\" src=\"http:\/\/physio-lanzarote.com\/wp-content\/uploads\/2020\/08\/DSC_0745-1030x687.jpg\" alt=\"\" data-id=\"146\" data-full-url=\"http:\/\/physio-lanzarote.com\/wp-content\/uploads\/2020\/08\/DSC_0745-scaled.jpg\" data-link=\"http:\/\/physio-lanzarote.com\/mobile-praxis\/dsc_0745\/\" class=\"wp-image-146\" srcset=\"http:\/\/physio-lanzarote.com\/wp-content\/uploads\/2020\/08\/DSC_0745-1030x687.jpg 1030w, http:\/\/physio-lanzarote.com\/wp-content\/uploads\/2020\/08\/DSC_0745-300x200.jpg 300w, http:\/\/physio-lanzarote.com\/wp-content\/uploads\/2020\/08\/DSC_0745-768x512.jpg 768w, http:\/\/physio-lanzarote.com\/wp-content\/uploads\/2020\/08\/DSC_0745-1536x1024.jpg 1536w\" sizes=\"auto, (max-width: 1030px) 100vw, 1030px\" \/><\/figure><\/li><li class=\"blocks-gallery-item\"><figure><img loading=\"lazy\" decoding=\"async\" width=\"1030\" height=\"687\" src=\"http:\/\/physio-lanzarote.com\/wp-content\/uploads\/2020\/08\/DSC_0784-1030x687.jpg\" alt=\"\" data-id=\"145\" data-full-url=\"http:\/\/physio-lanzarote.com\/wp-content\/uploads\/2020\/08\/DSC_0784-scaled.jpg\" data-link=\"http:\/\/physio-lanzarote.com\/mobile-praxis\/dsc_0784\/\" class=\"wp-image-145\" srcset=\"http:\/\/physio-lanzarote.com\/wp-content\/uploads\/2020\/08\/DSC_0784-1030x687.jpg 1030w, http:\/\/physio-lanzarote.com\/wp-content\/uploads\/2020\/08\/DSC_0784-300x200.jpg 300w, http:\/\/physio-lanzarote.com\/wp-content\/uploads\/2020\/08\/DSC_0784-768x512.jpg 768w, http:\/\/physio-lanzarote.com\/wp-content\/uploads\/2020\/08\/DSC_0784-1536x1024.jpg 1536w\" sizes=\"auto, (max-width: 1030px) 100vw, 1030px\" \/><\/figure><\/li><\/ul><\/figure>\n","protected":false},"excerpt":{"rendered":"<p>Haus- und Hotelbesuche f\u00fcr Physiotherapie, Massagen und Krankengymnastik auf Lanzarote<\/p>\n","protected":false},"author":2,"featured_media":0,"parent":0,"menu_order":0,"comment_status":"closed","ping_status":"closed","template":"","meta":{"footnotes":""},"class_list":["post-44","page","type-page","status-publish","hentry"],"translation":{"provider":"WPGlobus","version":"3.0.2","language":"es","enabled_languages":["de","en","es"],"languages":{"de":{"title":true,"content":true,"excerpt":true},"en":{"title":false,"content":true,"excerpt":false},"es":{"title":false,"content":true,"excerpt":false}}},"aioseo_notices":[],"_links":{"self":[{"href":"http:\/\/physio-lanzarote.com\/es\/wp-json\/wp\/v2\/pages\/44","targetHints":{"allow":["GET"]}}],"collection":[{"href":"http:\/\/physio-lanzarote.com\/es\/wp-json\/wp\/v2\/pages"}],"about":[{"href":"http:\/\/physio-lanzarote.com\/es\/wp-json\/wp\/v2\/types\/page"}],"author":[{"embeddable":true,"href":"http:\/\/physio-lanzarote.com\/es\/wp-json\/wp\/v2\/users\/2"}],"replies":[{"embeddable":true,"href":"http:\/\/physio-lanzarote.com\/es\/wp-json\/wp\/v2\/comments?post=44"}],"version-history":[{"count":32,"href":"http:\/\/physio-lanzarote.com\/es\/wp-json\/wp\/v2\/pages\/44\/revisions"}],"predecessor-version":[{"id":502,"href":"http:\/\/physio-lanzarote.com\/es\/wp-json\/wp\/v2\/pages\/44\/revisions\/502"}],"wp:attachment":[{"href":"http:\/\/physio-lanzarote.com\/es\/wp-json\/wp\/v2\/media?parent=44"}],"curies":[{"name":"wp","href":"https:\/\/api.w.org\/{rel}","templated":true}]}}