{"id":52,"date":"2020-08-05T10:39:01","date_gmt":"2020-08-05T10:39:01","guid":{"rendered":"http:\/\/physio-lanzarote.com\/?page_id=52"},"modified":"2020-08-19T14:48:03","modified_gmt":"2020-08-19T14:48:03","slug":"gastebuch","status":"publish","type":"page","link":"http:\/\/physio-lanzarote.com\/en\/gastebuch\/","title":{"rendered":"G\u00e4stebuch &#8211; Guestbook &#8211; libro de visitas"},"content":{"rendered":"\n<h2 class=\"wp-block-heading\">G\u00e4stebuch &#8211; Guestbook &#8211; libro de visitas<\/h2>\n\n\n\n<p><br>Liebe Kunden und Freunde, hier k\u00f6nnt Ihr gerne Kommentare und Anregungen schreiben. Ich freue mich selbstverst\u00e4ndlich \u00fcber positives Feedback, aber auch konstruktiver Kritik stehe ich aufgeschlossen gegen\u00fcber. Danke &#8211; Eure Kathrin<\/p>\n\n\n\n<p>En este libro pueden dejar sus comentarios y sugerencias. Me gustan las reacciones positivas y tambi\u00e9n estoy abierta a recibir cr\u00edticas constructivas sobre mi trabajo. Gracias vuestra Kathrin<\/p>\n\n\n\n<p>Here you can leave your comments and suggestions. I like positive reactions and am also open to constructive criticism about my work. <br>Thanks &#8211; yours Kathrin<\/p>\n","protected":false},"excerpt":{"rendered":"<p>G\u00e4stebuch &#8211; Guestbook &#8211; libro de visitas Liebe Kunden und Freunde, hier k\u00f6nnt Ihr gerne Kommentare und Anregungen schreiben. Ich freue mich selbstverst\u00e4ndlich \u00fcber positives Feedback, aber auch konstruktiver Kritik stehe ich aufgeschlossen gegen\u00fcber. Danke &#8211; Eure Kathrin En este libro pueden dejar sus comentarios y sugerencias. Me gustan las reacciones positivas y tambi\u00e9n estoy [&hellip;]<\/p>\n","protected":false},"author":2,"featured_media":0,"parent":0,"menu_order":0,"comment_status":"open","ping_status":"closed","template":"","meta":{"footnotes":""},"class_list":["post-52","page","type-page","status-publish","hentry"],"translation":{"provider":"WPGlobus","version":"3.0.2","language":"en","enabled_languages":["de","en","es"],"languages":{"de":{"title":true,"content":true,"excerpt":false},"en":{"title":false,"content":false,"excerpt":false},"es":{"title":false,"content":false,"excerpt":false}}},"aioseo_notices":[],"_links":{"self":[{"href":"http:\/\/physio-lanzarote.com\/en\/wp-json\/wp\/v2\/pages\/52","targetHints":{"allow":["GET"]}}],"collection":[{"href":"http:\/\/physio-lanzarote.com\/en\/wp-json\/wp\/v2\/pages"}],"about":[{"href":"http:\/\/physio-lanzarote.com\/en\/wp-json\/wp\/v2\/types\/page"}],"author":[{"embeddable":true,"href":"http:\/\/physio-lanzarote.com\/en\/wp-json\/wp\/v2\/users\/2"}],"replies":[{"embeddable":true,"href":"http:\/\/physio-lanzarote.com\/en\/wp-json\/wp\/v2\/comments?post=52"}],"version-history":[{"count":4,"href":"http:\/\/physio-lanzarote.com\/en\/wp-json\/wp\/v2\/pages\/52\/revisions"}],"predecessor-version":[{"id":449,"href":"http:\/\/physio-lanzarote.com\/en\/wp-json\/wp\/v2\/pages\/52\/revisions\/449"}],"wp:attachment":[{"href":"http:\/\/physio-lanzarote.com\/en\/wp-json\/wp\/v2\/media?parent=52"}],"curies":[{"name":"wp","href":"https:\/\/api.w.org\/{rel}","templated":true}]}}